{"id":216,"date":"2014-09-29T08:47:54","date_gmt":"2014-09-29T08:47:54","guid":{"rendered":"http:\/\/marstheme.com\/theme\/cobalt\/?page_id=91"},"modified":"2016-03-22T14:51:41","modified_gmt":"2016-03-22T13:51:41","slug":"kompetenzen","status":"publish","type":"page","link":"http:\/\/www.wendl.co.at\/index.php\/kompetenzen\/","title":{"rendered":"Kompetenzen"},"content":{"rendered":"<p>[vc_row][vc_column][vc_column_text]In der fast 60-j\u00e4hrigen Geschichte wurden knapp 1.900 Bauvorhaben unterschiedlichster Art betreut. Der T\u00e4tigkeitsbereich des Zivilingenieurb\u00fcros Wendl erstreckt sich von der Projektentwicklung eines Objektes, der Suche nach Nutzungskonzepten \u00fcber die Umsetzung der Ingenieurleistung w\u00e4hrend der Planungs- und Genehmigungsphase bis hin zur Realisierungsphase. Wie in einem Baukastensystem bekommen Sie bei uns genau die Leistungsmodule, die Sie idealerweise ben\u00f6tigen. Und, wir sind unabh\u00e4ngige Bauherrenvertreter und stehen daher immer auf ihrer Seite.[\/vc_column_text][vc_row_inner][vc_column_inner width=&#8220;1\/3&#8243;]\t\t\t\t<div class=\"services-post \" id=\"feature-1652\">\n\t\t\t\t\t<div class=\"services-post-head\">\n\t\t\t\t\t\t<span><i class=\"fa fa-check-square\"><\/i><\/span>\n\t\t\t\t\t\t<h2>Generalplanung<\/h2>\t\t\t\t\t<\/div>\n\t\t\t\t\t<p>Wir planen und begleiten Ihr Bauvorhaben ganzheitlich und decken mit unseren Fachingenieuren alle Bereiche in den unterschiedlichen Prozessstufen aus einer Hand ab. Sie haben dabei nur einen Ansprechpartner und gleichzeitig steht Ihnen das ganze Planungsteam f\u00fcr ihr Projekt zur Verf\u00fcgung.<\/p>\t\t\t\t<\/div>\n\t\t\t[\/vc_column_inner][vc_column_inner width=&#8220;1\/3&#8243;]\t\t\t\t<div class=\"services-post \" id=\"feature-7888\">\n\t\t\t\t\t<div class=\"services-post-head\">\n\t\t\t\t\t\t<span><i class=\"fa fa-check-square\"><\/i><\/span>\n\t\t\t\t\t\t<h2>Projektmanagement - Leitung und Steuerung<\/h2>\t\t\t\t\t<\/div>\n\t\t\t\t\t<p>Unabh\u00e4ngiges und professionelles Bauprojektmanagement zu ihrer Termin-, Qualit\u00e4ts- und Kostensicherheit. Wir entlasten Sie und managen auch hochkomplexe Projekte und garantieren eine strukturierte und koordinierte Realisierung ihres Bauvorhabens in 5 Leistungsphasen: Vorbereitung, Planung, Ausf\u00fchrungsvorbereitung, Ausf\u00fchrung und Projektabschluss.<\/p>\t\t\t\t<\/div>\n\t\t\t[\/vc_column_inner][vc_column_inner width=&#8220;1\/3&#8243;]\t\t\t\t<div class=\"services-post \" id=\"feature-7889\">\n\t\t\t\t\t<div class=\"services-post-head\">\n\t\t\t\t\t\t<span><i class=\"fa fa-check-square\"><\/i><\/span>\n\t\t\t\t\t\t<h2>Statisch-konstruktive Bearbeitung<\/h2>\t\t\t\t\t<\/div>\n\t\t\t\t\t<p>Wir berechnen Bauwerksdimensionierungen mit Unterst\u00fctzung modernster Instrumente und mit Leidenschaft und langj\u00e4hriger Erfahrung. Der Leistungsumfang in dieser Disziplin umfasst die Konstruktionsplanung, die statische Berechnung, die Pr\u00fcfstatik, die Gutachten und die Beweissicherung. Immer unter dem Gesichtspunkt der vorgesehenen Nutzung und angestrebten Wirtschaftlichkeit.<\/p>\t\t\t\t<\/div>\n\t\t\t[\/vc_column_inner][\/vc_row_inner][vc_row_inner][vc_column_inner width=&#8220;1\/3&#8243;]\t\t\t\t<div class=\"services-post \" id=\"feature-1653\">\n\t\t\t\t\t<div class=\"services-post-head\">\n\t\t\t\t\t\t<span><i class=\"fa fa-check-square\"><\/i><\/span>\n\t\t\t\t\t\t<h2>Kostenberechnung \/ Kostenverfolgung<\/h2>\t\t\t\t\t<\/div>\n\t\t\t\t\t<p>Unser B\u00fcro erstellt Kostenberechnungen auf Grundlage der Entwurfsplanung und ggf. der Massenermittlungen als Entscheidungsgrundlage f\u00fcr den Bauherren. Die planungsbegleitende Kostenverfolgungen, als Teil des Kostenmanagements, zielt auf eine weitere Optimierung des Projekts.<\/p>\t\t\t\t<\/div>\n\t\t\t[\/vc_column_inner][vc_column_inner width=&#8220;1\/3&#8243;]\t\t\t\t<div class=\"services-post \" id=\"feature-7890\">\n\t\t\t\t\t<div class=\"services-post-head\">\n\t\t\t\t\t\t<span><i class=\"fa fa-check-square\"><\/i><\/span>\n\t\t\t\t\t\t<h2>LV-Erstellung<\/h2>\t\t\t\t\t<\/div>\n\t\t\t\t\t<p>Professionelle Beratung im Vorfeld und projektbezogene, softwaregest\u00fctzte Erstellung von Leistungsverzeichnissen f\u00fcr Bauausschreibungen zur bestm\u00f6glichen Vergleichbarkeit und zur Erzielung wirtschaftlicher Kostenvorteile.<\/p>\t\t\t\t<\/div>\n\t\t\t[\/vc_column_inner][vc_column_inner width=&#8220;1\/3&#8243;]\t\t\t\t<div class=\"services-post \" id=\"feature-7891\">\n\t\t\t\t\t<div class=\"services-post-head\">\n\t\t\t\t\t\t<span><i class=\"fa fa-check-square\"><\/i><\/span>\n\t\t\t\t\t\t<h2>M\u00e4ngelerhebung und Beurteilung<\/h2>\t\t\t\t\t<\/div>\n\t\t\t\t\t<p>Systematische und konsequente Erfassung von Ausf\u00fchrungsm\u00e4ngel bei Bauabnahme bzw. vor Ablauf der Gew\u00e4hrleistungsfrist. Im Rahmen der technischen und rechtlichen Normen werden M\u00e4ngel beurteilt und gegebenenfalls M\u00e4ngelr\u00fcgen formuliert und Ma\u00dfnahmen zur Regulierung eingeleitet.<\/p>\t\t\t\t<\/div>\n\t\t\t[\/vc_column_inner][\/vc_row_inner][vc_row_inner][vc_column_inner width=&#8220;1\/3&#8243;]\t\t\t\t<div class=\"services-post \" id=\"feature-1653\">\n\t\t\t\t\t<div class=\"services-post-head\">\n\t\t\t\t\t\t<span><i class=\"fa fa-check-square\"><\/i><\/span>\n\t\t\t\t\t\t<h2>\u00d6rtliche Bauaufsicht<\/h2>\t\t\t\t\t<\/div>\n\t\t\t\t\t<p>Die Baustelle ist das Revier und die Bauaufsicht ist ihre Profi-Kontrollistanz. Wir \u00fcberpr\u00fcfen sorgf\u00e4ltig und laufend die Bauausf\u00fchrung vor Ort, nehmen Bauleistungen ab, kontrollieren die Einhaltung der Vorgaben, koordinieren die beteiligten Unternehmen und achten auf den Terminplan. Alles in ihrem Interesse.<\/p>\t\t\t\t<\/div>\n\t\t\t[\/vc_column_inner][vc_column_inner width=&#8220;1\/3&#8243;]\t\t\t\t<div class=\"services-post \" id=\"feature-7890\">\n\t\t\t\t\t<div class=\"services-post-head\">\n\t\t\t\t\t\t<span><i class=\"fa fa-check-square\"><\/i><\/span>\n\t\t\t\t\t\t<h2>Planungs- und Baustellenkoordinator gem\u00e4\u00df BauKG<\/h2>\t\t\t\t\t<\/div>\n\t\t\t\t\t<p>Wir sind ihr Partner bei der Erf\u00fcllung der gesetzlichen \u00d6NORM B 2107 &#8211; &#8222;Umsetzungen des Bauarbeitenkoordinationsgesetzes&#8220;. Das Aufgabengebiet umfasst die Koordination der Sicherheit und des Gesundheitsschutzes auf einer Baustelle.<\/p>\t\t\t\t<\/div>\n\t\t\t[\/vc_column_inner][vc_column_inner width=&#8220;1\/3&#8243;]\t\t\t\t<div class=\"services-post \" id=\"feature-7891\">\n\t\t\t\t\t<div class=\"services-post-head\">\n\t\t\t\t\t\t<span><i class=\"fa fa-check-square\"><\/i><\/span>\n\t\t\t\t\t\t<h2>Begleitende Kontrolle<\/h2>\t\t\t\t\t<\/div>\n\t\t\t\t\t<p>Als sekund\u00e4res Organ pr\u00fcft die &#8222;begleitende Kontrolle&#8220; die Umsetzung eines Projekts, erfasst Abweichungen und berichtet diese dem Projektbetreiber. Wir informieren Sie laufend \u00fcber alle betriebswirtschaftlichen, technischen und organisatorischen Projektdaten und liefern L\u00f6sungsvorschl\u00e4ge wenn einmal etwas aus dem Ruder l\u00e4uft.<\/p>\t\t\t\t<\/div>\n\t\t\t[\/vc_column_inner][\/vc_row_inner][vc_row_inner][vc_column_inner width=&#8220;1\/3&#8243;]\t\t\t\t<div class=\"services-post \" id=\"feature-1653\">\n\t\t\t\t\t<div class=\"services-post-head\">\n\t\t\t\t\t\t<span><i class=\"fa fa-check-square\"><\/i><\/span>\n\t\t\t\t\t\t<h2>Sanierungen<\/h2>\t\t\t\t\t<\/div>\n\t\t\t\t\t<p>Damit Objekte funktionsentsprechend erhalten bleiben, sind oftmals kleinere aber manchmal auch umfassende Sanierungsmassnahmen notwendig. Wir beurteilen kritisch die Lage, erstellen ein ma\u00dfgeschneidertes Konzept und planen und koordinieren die Abwicklung des Sanierungsverfahrens.<\/p>\t\t\t\t<\/div>\n\t\t\t[\/vc_column_inner][vc_column_inner width=&#8220;1\/3&#8243;]\t\t\t\t<div class=\"services-post \" id=\"feature-7890\">\n\t\t\t\t\t<div class=\"services-post-head\">\n\t\t\t\t\t\t<span><i class=\"fa fa-check-square\"><\/i><\/span>\n\t\t\t\t\t\t<h2>Machbarkeitsstudien<\/h2>\t\t\t\t\t<\/div>\n\t\t\t\t\t<p>Die Aufgabenstellung wird akribisch analysiert, die Bauaufgabe klar definiert und die \u00f6konomischen Rahmenbedingungen festgelegt, m\u00f6gliche Einflussfaktoren gesammelt und zueinander in Beziehung gesetzt. Es werden mehrere L\u00f6sungsans\u00e4tze aufgezeigt und miteinander verglichen. Die Empfehlung auf Basis der Kosten-Nutzenanalyse bildet dann den Abschluss der Machbarkeitsstudie. Diese dient dann als profunde Entscheidungsgrundlage.<\/p>\t\t\t\t<\/div>\n\t\t\t[\/vc_column_inner][vc_column_inner width=&#8220;1\/3&#8243;]\t\t\t\t<div class=\"services-post \" id=\"feature-7891\">\n\t\t\t\t\t<div class=\"services-post-head\">\n\t\t\t\t\t\t<span><i class=\"fa fa-check-square\"><\/i><\/span>\n\t\t\t\t\t\t<h2>Gutachten<\/h2>\t\t\t\t\t<\/div>\n\t\t\t\t\t<p>Die Wendl ZT GmbH ist gerichtlich zertifizierter und beeideter Sachverst\u00e4ndiger<strong>. <\/strong>Wir als Bausachverst\u00e4ndige m\u00fcssen aufgrund unserer Erfahrung und unseres Wissens, sowie der erhobenen Tatsachen die Schadensursache zweifelsfrei erkennen und in unserem Befund nachhaltig gutachterlich feststellen. Darauf aufbauend ergibt sich das nachvollziehbare und schl\u00fcssige Gutachten.<\/p>\n<p>t.<\/p>\t\t\t\t<\/div>\n\t\t\t[\/vc_column_inner][\/vc_row_inner][vc_row_inner][vc_column_inner width=&#8220;1\/3&#8243;]\t\t\t\t<div class=\"services-post \" id=\"feature-1653\">\n\t\t\t\t\t<div class=\"services-post-head\">\n\t\t\t\t\t\t<span><i class=\"fa fa-check-square\"><\/i><\/span>\n\t\t\t\t\t\t<h2>Technische Ausstattung<\/h2>\t\t\t\t\t<\/div>\n\t\t\t\t\t<p>Erdbebensimulation<\/p>\t\t\t\t<\/div>\n\t\t\t[\/vc_column_inner][\/vc_row_inner][\/vc_column][\/vc_row]<\/p>\n","protected":false},"excerpt":{"rendered":"<p>[vc_row][vc_column][vc_column_text]In der fast 60-j\u00e4hrigen Geschichte wurden knapp 1.900 Bauvorhaben unterschiedlichster Art betreut. Der T\u00e4tigkeitsbereich des Zivilingenieurb\u00fcros Wendl erstreckt sich von der Projektentwicklung eines Objektes, der Suche nach Nutzungskonzepten \u00fcber die Umsetzung der Ingenieurleistung w\u00e4hrend der Planungs- und Genehmigungsphase bis hin zur Realisierungsphase. Wie in einem Baukastensystem bekommen Sie bei uns genau die Leistungsmodule, die Sie [&hellip;]<\/p>\n","protected":false},"author":1,"featured_media":316,"parent":0,"menu_order":0,"comment_status":"open","ping_status":"open","template":"page-templates\/template-page-builder.php","meta":{"footnotes":""},"_links":{"self":[{"href":"http:\/\/www.wendl.co.at\/index.php\/wp-json\/wp\/v2\/pages\/216"}],"collection":[{"href":"http:\/\/www.wendl.co.at\/index.php\/wp-json\/wp\/v2\/pages"}],"about":[{"href":"http:\/\/www.wendl.co.at\/index.php\/wp-json\/wp\/v2\/types\/page"}],"author":[{"embeddable":true,"href":"http:\/\/www.wendl.co.at\/index.php\/wp-json\/wp\/v2\/users\/1"}],"replies":[{"embeddable":true,"href":"http:\/\/www.wendl.co.at\/index.php\/wp-json\/wp\/v2\/comments?post=216"}],"version-history":[{"count":2,"href":"http:\/\/www.wendl.co.at\/index.php\/wp-json\/wp\/v2\/pages\/216\/revisions"}],"predecessor-version":[{"id":585,"href":"http:\/\/www.wendl.co.at\/index.php\/wp-json\/wp\/v2\/pages\/216\/revisions\/585"}],"wp:featuredmedia":[{"embeddable":true,"href":"http:\/\/www.wendl.co.at\/index.php\/wp-json\/wp\/v2\/media\/316"}],"wp:attachment":[{"href":"http:\/\/www.wendl.co.at\/index.php\/wp-json\/wp\/v2\/media?parent=216"}],"curies":[{"name":"wp","href":"https:\/\/api.w.org\/{rel}","templated":true}]}}