{"id":111,"date":"2014-09-29T09:23:57","date_gmt":"2014-09-29T09:23:57","guid":{"rendered":"http:\/\/marstheme.com\/theme\/cobalt\/?page_id=111"},"modified":"2016-09-16T11:25:31","modified_gmt":"2016-09-16T09:25:31","slug":"about-us","status":"publish","type":"page","link":"https:\/\/www.wendl.co.at\/index.php\/about-us\/","title":{"rendered":"\u00dcber Uns"},"content":{"rendered":"<p>[vc_row][vc_column][vc_column_text]Was uns ganz besonders auszeichnet?<\/p>\n<p>&nbsp;<\/p>\n<p>Nun ja &#8211; da ist zum einen die jahrzehntelange Erfahrung und der damit einhergehende, aufgebaute Wissensschatz, aber auch die bewiesene Kontinuit\u00e4t als verl\u00e4sslicher Partner der Bauwirtschaft. Und zum anderen nat\u00fcrlich unser gesamtes Team! Ein Team, auf das wir stolz sein k\u00f6nnen. Jeder Einzelne ist top ausgebildet und erf\u00fcllt zu 100% die hohen Qualifikationsnormen der Wendl ZT-GmbH. Was aber viel wichtiger ist: Die Leidenschaft f\u00fcr das Ingenieurwesen und die Freude beim L\u00f6sen selbst schwierigster Aufgaben.<\/p>\n<p>&nbsp;<\/p>\n<p>Unser B\u00fcro besch\u00e4ftigt rund 25 bestens vernetzte Mitarbeiter in den verschiedensten Disziplinen und ist daher auch in der Lage gro\u00dfe und komplexe Aufgabenstellungen zu bewerkstelligen. Gerne auch f\u00fcr Sie!<\/p>\n<p>[\/vc_column_text][vc_row_inner][vc_column_inner width=&#8220;1\/4&#8243;]\t\t\t\t<div id=\"team-1399\" class=\"team-post \">\n\t\t\t\t\t\t\t\t\t\t\t<img decoding=\"async\" src=\"https:\/\/www.wendl.co.at\/wp-content\/uploads\/2014\/09\/Wendl-043R13x18.jpg\" alt=\"DI Robert Wendl \">\n\t\t\t\t\t\t\t\t\t\t<div class=\"team-hover\">\n\t\t\t\t\t\t<h2>DI Robert Wendl <\/h2>\t\t\t\t\t\t<span>GF Wendl ZT-GmbH<\/span>\t\t\t\t\t\t<ul class=\"team-social\">\n\t\t\t\t\t\t\t\t\t\t\t\t\t<\/ul>\n\t\t\t\t\t<\/div>\n\t\t\t\t<\/div>\t\t\t\n\t\t\t[\/vc_column_inner][vc_column_inner width=&#8220;1\/4&#8243;]\t\t\t\t<div id=\"team-4253\" class=\"team-post \">\n\t\t\t\t\t\t\t\t\t\t\t<img decoding=\"async\" src=\"https:\/\/www.wendl.co.at\/wp-content\/uploads\/2014\/09\/Nominierung-Staatspreis.jpg\" alt=\"Nominierung Staatspreis\">\n\t\t\t\t\t\t\t\t\t\t<div class=\"team-hover\">\n\t\t\t\t\t\t<h2>Nominierung Staatspreis<\/h2>\t\t\t\t\t\t\t\t\t\t\t\t<ul class=\"team-social\">\n\t\t\t\t\t\t\t\t\t\t\t\t\t<\/ul>\n\t\t\t\t\t<\/div>\n\t\t\t\t<\/div>\t\t\t\n\t\t\t[\/vc_column_inner][vc_column_inner width=&#8220;1\/2&#8243;]\t\t\t\t<div id=\"team-4253\" class=\"team-post \">\n\t\t\t\t\t\t\t\t\t\t\t<img decoding=\"async\" src=\"https:\/\/www.wendl.co.at\/wp-content\/uploads\/2014\/09\/wappenverleihung_wendl.jpg\" alt=\"Verleihung des Steirischen Landeswappens\">\n\t\t\t\t\t\t\t\t\t\t<div class=\"team-hover\">\n\t\t\t\t\t\t<h2>Verleihung des Steirischen Landeswappens<\/h2>\t\t\t\t\t\t\t\t\t\t\t\t<ul class=\"team-social\">\n\t\t\t\t\t\t\t\t\t\t\t\t\t<\/ul>\n\t\t\t\t\t<\/div>\n\t\t\t\t<\/div>\t\t\t\n\t\t\t[\/vc_column_inner][\/vc_row_inner][\/vc_column][\/vc_row][vc_row el_class=&#8220;work-course&#8220;][vc_column][vc_row_inner][vc_column_inner el_class=&#8220;work-course-post&#8220; width=&#8220;1\/4&#8243; offset=&#8220;vc_col-lg-4 vc_col-md-4&#8243;][vc_column_text]<\/p>\n<h2>1957<\/h2>\n<p>Gr\u00fcndung des Zivilingenieurb\u00fcros durch DI Hans Haller und Baurat hc. DI Erwin Wendl in Graz. In der Folge werden nicht nur Bauvorhaben innerhalb \u00d6sterreichs betreut, sondern auch Projekte in Deutschland, Polen, Ungarn, Argentinien, dem Iran und dem Arabischen Raum bearbeitet.<br \/>\n.[\/vc_column_text][\/vc_column_inner][vc_column_inner el_class=&#8220;work-course-post&#8220; width=&#8220;1\/4&#8243; offset=&#8220;vc_col-lg-4 vc_col-md-4&#8243;][vc_column_text]<\/p>\n<h2>1998<\/h2>\n<p>DI Robert Wendl, als staatlich befugter und beeideter Ingenieurkonsulent f\u00fcr das gesamte Bauwesen, tritt nach 10-j\u00e4hriger T\u00e4tigkeit partnerschaftlich an die Seite von Baurat h.c. DI Erwin Wendl.<\/p>\n<p>&nbsp;<\/p>\n<h2>2001<\/h2>\n<p>wird das Zivilingenieurb\u00fcro in die Wendl ZT-GmbH \u00fcberf\u00fchrt. Seit Oktober 2002 ist die Wendl ZT-GmbH im Auftragnehmerkataster \u00d6sterreich mit dem Firmencode 39423 registriert[\/vc_column_text][\/vc_column_inner][vc_column_inner el_class=&#8220;work-course-post&#8220; width=&#8220;1\/4&#8243; offset=&#8220;vc_col-lg-4 vc_col-md-4&#8243;][vc_column_text]<\/p>\n<h2>2005<\/h2>\n<p>Nominierung f\u00fcr den Staatspreis &#8222;Ingenieurconsulting&#8220; durch den Bundesminister f\u00fcr Wirtschaft und Arbeit f\u00fcr die ARGE Eisner-Szyszkowittz\/Kowalski-Wendl<\/p>\n<p>&nbsp;<\/p>\n<h2>2008<\/h2>\n<p>Das Zivilingenieurb\u00fcro Wendl ZT-GmbH erh\u00e4lt f\u00fcr besondere Verdienste um die steirische Wirtschaft aus der Hand von Landeshauptmann Mag. Franz Voves die Urkunde zur F\u00fchrung des Steirischen Landeswappens.[\/vc_column_text][\/vc_column_inner][\/vc_row_inner][\/vc_column][\/vc_row]<\/p>\n","protected":false},"excerpt":{"rendered":"<p>[vc_row][vc_column][vc_column_text]Was uns ganz besonders auszeichnet? &nbsp; Nun ja &#8211; da ist zum einen die jahrzehntelange Erfahrung und der damit einhergehende, aufgebaute Wissensschatz, aber auch die bewiesene Kontinuit\u00e4t als verl\u00e4sslicher Partner der Bauwirtschaft. Und zum anderen nat\u00fcrlich unser gesamtes Team! Ein Team, auf das wir stolz sein k\u00f6nnen. Jeder Einzelne ist top ausgebildet und erf\u00fcllt zu [&hellip;]<\/p>\n","protected":false},"author":1,"featured_media":316,"parent":0,"menu_order":0,"comment_status":"open","ping_status":"open","template":"page-templates\/template-page-builder.php","meta":{"footnotes":""},"_links":{"self":[{"href":"https:\/\/www.wendl.co.at\/index.php\/wp-json\/wp\/v2\/pages\/111"}],"collection":[{"href":"https:\/\/www.wendl.co.at\/index.php\/wp-json\/wp\/v2\/pages"}],"about":[{"href":"https:\/\/www.wendl.co.at\/index.php\/wp-json\/wp\/v2\/types\/page"}],"author":[{"embeddable":true,"href":"https:\/\/www.wendl.co.at\/index.php\/wp-json\/wp\/v2\/users\/1"}],"replies":[{"embeddable":true,"href":"https:\/\/www.wendl.co.at\/index.php\/wp-json\/wp\/v2\/comments?post=111"}],"version-history":[{"count":5,"href":"https:\/\/www.wendl.co.at\/index.php\/wp-json\/wp\/v2\/pages\/111\/revisions"}],"predecessor-version":[{"id":479,"href":"https:\/\/www.wendl.co.at\/index.php\/wp-json\/wp\/v2\/pages\/111\/revisions\/479"}],"wp:featuredmedia":[{"embeddable":true,"href":"https:\/\/www.wendl.co.at\/index.php\/wp-json\/wp\/v2\/media\/316"}],"wp:attachment":[{"href":"https:\/\/www.wendl.co.at\/index.php\/wp-json\/wp\/v2\/media?parent=111"}],"curies":[{"name":"wp","href":"https:\/\/api.w.org\/{rel}","templated":true}]}}